{"id":1938,"date":"2021-06-03T12:38:10","date_gmt":"2021-06-03T10:38:10","guid":{"rendered":"https:\/\/eftenliving.ee\/miks-uurida-meilt\/"},"modified":"2024-03-25T17:35:58","modified_gmt":"2024-03-25T15:35:58","slug":"why-rent-from-us","status":"publish","type":"page","link":"https:\/\/kaunas.eftenliving.lt\/en\/why-rent-from-us\/","title":{"rendered":"Why rent an apartment from us"},"content":{"rendered":"\t\t\t\t\t\t\t\t\t\t\t\t\t\t\t\t\t\t\t \n\t<div id=\"\" class=\"twocol-table element1 right hero call-for-action2\">\n\t\t<div class=\"twocol-one massive-image first\" data-background-image=\"https:\/\/kaunas.eftenliving.lt\/wp-content\/uploads\/2021\/06\/miks-yyrida-meilt.jpg\" style=\"background-image: url('https:\/\/kaunas.eftenliving.lt\/wp-content\/uploads\/2021\/06\/miks-yyrida-meilt.jpg')\" ><br\/>\n\t\t  <\/div>\t\t\t\t\t\t\t\t\t\t\t\t\t\t\t\t\t \t\t\t\t\t\t\t\t\t\t\t\t\t\t \t\n\t\t\t<div class=\"twocol-one massive-text last\">\n\t\t\t\n\t\t\t\t\t\t\t\t\t<h1> Why rent an apartment from us?<\/h1> \n\t\t\t\t\t\t\n\t\t\n\t\t\t\t\t\t\t\t\t<p>Thanks to modern and transparent administration renting has never been easier, so gone are the common problems that can crop up with other rental apartments. In addition, you can freely keep a pet here, and our secure contracts ensure you feel at-home, long-term. Your rental apartment will include many good features:<\/p>\n<ul>\n<li>Reliable and trustworthy landlord<\/li>\n<li>Logistically good location<\/li>\n<li>New building with smart solutions<\/li>\n<li>Pets allowed<\/li>\n<li>Possibility to register the place of residence<\/li>\n<\/ul>\n\t\t\t\t\t\t\t\t\t\t\t\t\t<a href=\"https:\/\/kaunas.eftenliving.lt\/en\/apartments\/\" class=\"action-button\">Check now<span>available apartments<\/span><\/a>\n\t\t\t\t\t\t\t\t\t\t\t\t\t<a href=\"#landlord\" class=\"action-button alt\">Read more<span>why rent from us<\/span><\/a>\n\t\t\t\t\t\t\t\t\n\t\t<\/div>\n\t<\/div>\n\n\t\n\t\t\t\t\t\t\t\t\t\t\t\t\t\t\t\t\t\t\t \n\t<div id=\"landlord\" class=\"twocol-table call-for-action2 left call-for-action2\">\n\t\t<div class=\"twocol-one massive-image last\" data-background-image=\"https:\/\/kaunas.eftenliving.lt\/wp-content\/uploads\/2024\/02\/eften-vilnius-1-1.jpg\" style=\"background-image: url('https:\/\/kaunas.eftenliving.lt\/wp-content\/uploads\/2024\/02\/eften-vilnius-1-1-128x128.jpg')\" ><br\/>\n\t\t  <\/div>\t\t\t\t\t\t\t\t\t\t\t\t\t\t\t\t\t \t\t\t\t\t\t\t\t\t\t\t\t\t\t \t\n\t\t\t<div class=\"twocol-one massive-text \">\n\t\t\t\n\t\t\t\t\t\t\t\t\t<h2> EfTEN \u2013 your reliable partner<\/h2> \n\t\t\t\t\t\t\n\t\t\n\t\t\t\t\t\t\t\t\t<p><strong>EfTEN Capital is the largest commercial real estate fund manager in Baltic States.<\/strong><\/p>\n<p>Today, EfTEN\u2019s portfolio includes more than 60 commercial real estate buildings, over 1,300 tenants, and the volume of assets under management is more than 1.1 billion euros. In total, EfTEN manages seven funds that invest in real estate in the Baltic States.<\/p>\n<p>Reliability, honesty, and a modern approach to accommodation are the main values that guide EfTEN in creating homes for a comfortable life.<\/p>\n<h3><span style=\"color: #e21c3e\">60<\/span> buildings<br \/>\n<span style=\"color: #e21c3e\">1300<\/span> tenants<br \/>\n<span style=\"color: #e21c3e\">1,1 billion \u20ac<\/span> in assets under management<\/h3>\n\t\t\t\t\t\t\t\t\t\t\t\t\t\t\t\t\n\t\t<\/div>\n\t<\/div>\n\n\t\n\t\t\t\t\t\t\t\t\t\t\t\t\t\t\t\t\t\t\t \n\t<div id=\"apartments\" class=\"twocol-table call-for-action2 right call-for-action2\">\n\t\t<div class=\"twocol-one massive-image first\" data-background-image=\"https:\/\/kaunas.eftenliving.lt\/wp-content\/uploads\/2022\/08\/interior.jpg\" style=\"background-image: url('https:\/\/kaunas.eftenliving.lt\/wp-content\/uploads\/2022\/08\/interior-128x96.jpg')\" ><br\/>\n\t\t  <\/div>\t\t\t\t\t\t\t\t\t\t\t\t\t\t\t\t\t \t\t\t\t\t\t\t\t\t\t\t\t\t\t \t\n\t\t\t<div class=\"twocol-one massive-text last\">\n\t\t\t\n\t\t\t\t\t\t\t\t\t<h2> Smart rental apartments<\/h2> \n\t\t\t\t\t\t\n\t\t\n\t\t\t\t\t\t\t\t\t<p><strong>Life in a smart home is an innovative solution that you can enjoy right now by renting an apartment in our complex.<\/strong><\/p>\n<p>The facilities and equipment in the apartment are controlled via a smart home app. You will be able to open the door without a key using an app, card, or code.<\/p>\n<p>You will also have the opportunity to monitor security video cameras, call the elevator, let in guests, order additional services, and communicate with the building administrator, who will promptly respond to your requests.<\/p>\n<p>In your new home, it will be convenient not only to control household but also individually adjust the underfloor central heating system appliances with smart technologies.<\/p>\n\t\t\t\t\t\t\t\t\t\t\t\t\t\t\t\t\n\t\t<\/div>\n\t<\/div>\n\n\t\n\t\t\t\t\t\t\t\t\t\t\t\t\t\t\t\t\t\t\t \n\t<div id=\"\" class=\"twocol-table  left call-for-action2\">\n\t\t<div class=\"twocol-one massive-image last\" data-background-image=\"https:\/\/kaunas.eftenliving.lt\/wp-content\/uploads\/2021\/06\/lovely-cat-on-the-desktop-qlxs2x.png\" style=\"background-image: url('https:\/\/kaunas.eftenliving.lt\/wp-content\/uploads\/2021\/06\/lovely-cat-on-the-desktop-qlxs2x-128x85.png')\" ><br\/>\n\t\t  <\/div>\t\t\t\t\t\t\t\t\t\t\t\t\t\t\t\t\t \t\t\t\t\t\t\t\t\t\t\t\t\t\t \t\n\t\t\t<div class=\"twocol-one massive-text \">\n\t\t\t\n\t\t\t\t\t\t\t\t\t<h2> Rental apartments with pets<\/h2> \n\t\t\t\t\t\t\n\t\t\n\t\t\t\t\t\t\t\t\t<p>Your clever cat or playful pup is your family member and there is no need to leave them behind the door of your new home. Therefore, pets are always welcome in our rental apartments, because thanks to nearby parks, your furry family members will also enjoy living in our building.<\/p>\n<p>However, always remember the rules of polite petkeeping as that is how we keep the whole building tidy and in order!<\/p>\n<ul class=\"imagelist\">\n<li class=\"paw\">A large park to walk with your pet<\/li>\n<\/ul>\n\t\t\t\t\t\t\t\t\t\t\t\t\t\t\t\t\n\t\t<\/div>\n\t<\/div>\n\n\t\n<h2 style=\"text-align: center;\">What\u2019s your apartment like?<\/h2>\n\t<div class=\"fix\"><\/div>\n\t\t<div class=\"masonry masonry-grid \">\n\n\t<div class=\"fix\"><\/div>\t\t\n\t\t<div class=\"gutter-sizer\"><\/div>\n\t\t<div class=\"grid-sizer\"><\/div>\n\n\t\t\t\n\n<article id=\"post-6622\" class=\"item panel 3-floor 1-rooms lower available-now post-6622 apartment type-apartment status-publish has-post-thumbnail hentry apartment-group-aktiivne-2\">\n<style>\n#post-6622 .post-header::after {\npadding-top:66%;\n  display: block;\n  content: '';\nmin-height: 100px;\t\n}\n\n#post-6622 .post-header {\nbackground-image: url(https:\/\/kaunas.eftenliving.lt\/wp-content\/uploads\/2023\/04\/mr-060-63f4d11f8bdfa-768x512.jpeg);\nbackground-position: center center;\n    -moz-background-size: cover;\n    -o-background-size: cover;\n    -webkit-background-size: cover;\n    background-size: cover;\n}\n<\/style>\t\n<div  class=\"post-container\">\n         <div class=\"post-header\"><a class=\"link-container\" href=\"https:\/\/kaunas.eftenliving.lt\/en\/apartment\/nuomojamas-2-kambariu-butas-14\/\" title=\"Nuomojamas 2 kambari\u0173 butas\"><p class=\"link\"><\/p><\/a>\n\t\t \n\n       <\/div>\n\t<div class=\"entry-summary\">\n\t\t\n\t\t\t <div class=\"post-title\">\n\t\t\t\t <a href=\"https:\/\/kaunas.eftenliving.lt\/en\/apartment\/nuomojamas-2-kambariu-butas-14\/\" title=\"Nuomojamas 2 kambari\u0173 butas\"><h3 class=\"page-title\">2-room apartment for rent  <\/h3><\/a>\n\t\t\t\t \n          <\/div><!-- .post-title -->\n\t\t\n\t\t<div class=\"apartment-details\">\n\t<span><i class=\"far fa-grip-vertical\"><\/i>3 floor<\/span>\n\t\t\t<span><i class=\"far fa-expand\"><\/i> <span class=\"area\">45<\/span> m2 <\/span>\n\t\t\t<span class=\"desktop-hide\"><i class=\"fas fa-chevron-circle-right\"><\/i> <span class=\"\">640<\/span> \u20ac \/ month<\/span>\n\t\t\t\n<\/div>\t\t\n\t\t\n\t\t<div class=\"apartment-price\">\n\t\t\t<span class=\"price-tag\"><span class=\"price-label\">Rental price: <\/span><span class=\"price-amount\"><span class=\"price\">640<\/span> \u20ac \/ month<\/span><\/span> \n\t\t\t\t<span class=\"price-tag\">14.22 \u20ac\/m2<\/span> \n\t\t<\/div>\n\t\t\n\t\t\t<div class=\"action\">\n<a class=\"button\" href=\"https:\/\/kaunas.eftenliving.lt\/en\/apartment\/nuomojamas-2-kambariu-butas-14\/\">View<\/a> <a class=\"button alt\"  href=\"https:\/\/kaunas.eftenliving.lt\/en\/rent-an-apartment\/?apartmentid=6622\" >Rent now<\/a>\n\t\t\t\t\n\n\t\t<\/div>\t\n\n\t\n\t\t\n\t\t\n\t<\/div><!-- .entry-summary -->\n\t\n\n\t\n\t<!-- .entry-header -->\n\n\n<\/div><!-- post-container -->\n<\/article ><!-- #post-## -->\n\n<article id=\"post-6632\" class=\"item panel 9-floor 2-rooms higher available-now post-6632 apartment type-apartment status-publish has-post-thumbnail hentry apartment-group-aktiivne-2\">\n<style>\n#post-6632 .post-header::after {\npadding-top:66%;\n  display: block;\n  content: '';\nmin-height: 100px;\t\n}\n\n#post-6632 .post-header {\nbackground-image: url(https:\/\/kaunas.eftenliving.lt\/wp-content\/uploads\/2023\/04\/mr-129-63f4ce13bb19f-768x512.jpeg);\nbackground-position: center center;\n    -moz-background-size: cover;\n    -o-background-size: cover;\n    -webkit-background-size: cover;\n    background-size: cover;\n}\n<\/style>\t\n<div  class=\"post-container\">\n         <div class=\"post-header\"><a class=\"link-container\" href=\"https:\/\/kaunas.eftenliving.lt\/en\/apartment\/nuomojamas-3-kambariu-butas-9\/\" title=\"Nuomojamas 3 kambari\u0173 butas\"><p class=\"link\"><\/p><\/a>\n\t\t \n\n       <\/div>\n\t<div class=\"entry-summary\">\n\t\t\n\t\t\t <div class=\"post-title\">\n\t\t\t\t <a href=\"https:\/\/kaunas.eftenliving.lt\/en\/apartment\/nuomojamas-3-kambariu-butas-9\/\" title=\"Nuomojamas 3 kambari\u0173 butas\"><h3 class=\"page-title\">3-room apartment for rent  <\/h3><\/a>\n\t\t\t\t \n          <\/div><!-- .post-title -->\n\t\t\n\t\t<div class=\"apartment-details\">\n\t<span><i class=\"far fa-grip-vertical\"><\/i>9 floor<\/span>\n\t\t\t<span><i class=\"far fa-expand\"><\/i> <span class=\"area\">68<\/span> m2 <\/span>\n\t\t\t<span class=\"desktop-hide\"><i class=\"fas fa-chevron-circle-right\"><\/i> <span class=\"\">770<\/span> \u20ac \/ month<\/span>\n\t\t\t\n<\/div>\t\t\n\t\t\n\t\t<div class=\"apartment-price\">\n\t\t\t<span class=\"price-tag\"><span class=\"price-label\">Rental price: <\/span><span class=\"price-amount\"><span class=\"price\">770<\/span> \u20ac \/ month<\/span><\/span> \n\t\t\t\t<span class=\"price-tag\">11.32 \u20ac\/m2<\/span> \n\t\t<\/div>\n\t\t\n\t\t\t<div class=\"action\">\n<a class=\"button\" href=\"https:\/\/kaunas.eftenliving.lt\/en\/apartment\/nuomojamas-3-kambariu-butas-9\/\">View<\/a> <a class=\"button alt\"  href=\"https:\/\/kaunas.eftenliving.lt\/en\/rent-an-apartment\/?apartmentid=6632\" >Rent now<\/a>\n\t\t\t\t\n\n\t\t<\/div>\t\n\n\t\n\t\t\n\t\t\n\t<\/div><!-- .entry-summary -->\n\t\n\n\t\n\t<!-- .entry-header -->\n\n\n<\/div><!-- post-container -->\n<\/article ><!-- #post-## -->\n\n<article id=\"post-6765\" class=\"item panel 5-floor 1-rooms middle available-now post-6765 apartment type-apartment status-publish has-post-thumbnail hentry apartment-group-aktiivne-2\">\n<style>\n#post-6765 .post-header::after {\npadding-top:66%;\n  display: block;\n  content: '';\nmin-height: 100px;\t\n}\n\n#post-6765 .post-header {\nbackground-image: url(https:\/\/kaunas.eftenliving.lt\/wp-content\/uploads\/2023\/04\/mr-075-642c02d9a4b3a-768x512.jpeg);\nbackground-position: center center;\n    -moz-background-size: cover;\n    -o-background-size: cover;\n    -webkit-background-size: cover;\n    background-size: cover;\n}\n<\/style>\t\n<div  class=\"post-container\">\n         <div class=\"post-header\"><a class=\"link-container\" href=\"https:\/\/kaunas.eftenliving.lt\/en\/apartment\/nuomojamas-2-kambariu-butas-52\/\" title=\"Nuomojamas 2 kambari\u0173 butas\"><p class=\"link\"><\/p><\/a>\n\t\t \n\n       <\/div>\n\t<div class=\"entry-summary\">\n\t\t\n\t\t\t <div class=\"post-title\">\n\t\t\t\t <a href=\"https:\/\/kaunas.eftenliving.lt\/en\/apartment\/nuomojamas-2-kambariu-butas-52\/\" title=\"Nuomojamas 2 kambari\u0173 butas\"><h3 class=\"page-title\">2-room apartment for rent  <\/h3><\/a>\n\t\t\t\t \n          <\/div><!-- .post-title -->\n\t\t\n\t\t<div class=\"apartment-details\">\n\t<span><i class=\"far fa-grip-vertical\"><\/i>5 floor<\/span>\n\t\t\t<span><i class=\"far fa-expand\"><\/i> <span class=\"area\">43<\/span> m2 <\/span>\n\t\t\t<span class=\"desktop-hide\"><i class=\"fas fa-chevron-circle-right\"><\/i> <span class=\"\">640<\/span> \u20ac \/ month<\/span>\n\t\t\t\n<\/div>\t\t\n\t\t\n\t\t<div class=\"apartment-price\">\n\t\t\t<span class=\"price-tag\"><span class=\"price-label\">Rental price: <\/span><span class=\"price-amount\"><span class=\"price\">640<\/span> \u20ac \/ month<\/span><\/span> \n\t\t\t\t<span class=\"price-tag\">14.88 \u20ac\/m2<\/span> \n\t\t<\/div>\n\t\t\n\t\t\t<div class=\"action\">\n<a class=\"button\" href=\"https:\/\/kaunas.eftenliving.lt\/en\/apartment\/nuomojamas-2-kambariu-butas-52\/\">View<\/a> <a class=\"button alt\"  href=\"https:\/\/kaunas.eftenliving.lt\/en\/rent-an-apartment\/?apartmentid=6765\" >Rent now<\/a>\n\t\t\t\t\n\n\t\t<\/div>\t\n\n\t\n\t\t\n\t\t\n\t<\/div><!-- .entry-summary -->\n\t\n\n\t\n\t<!-- .entry-header -->\n\n\n<\/div><!-- post-container -->\n<\/article ><!-- #post-## -->\n\n<article id=\"post-6779\" class=\"item panel 3-floor 1-rooms lower available-now post-6779 apartment type-apartment status-publish has-post-thumbnail hentry apartment-group-aktiivne-2\">\n<style>\n#post-6779 .post-header::after {\npadding-top:66%;\n  display: block;\n  content: '';\nmin-height: 100px;\t\n}\n\n#post-6779 .post-header {\nbackground-image: url(https:\/\/kaunas.eftenliving.lt\/wp-content\/uploads\/2023\/04\/mr-060-63f4d11f8bdfa-768x512.jpeg);\nbackground-position: center center;\n    -moz-background-size: cover;\n    -o-background-size: cover;\n    -webkit-background-size: cover;\n    background-size: cover;\n}\n<\/style>\t\n<div  class=\"post-container\">\n         <div class=\"post-header\"><a class=\"link-container\" href=\"https:\/\/kaunas.eftenliving.lt\/en\/apartment\/nuomojamas-2-kambariu-butas-58\/\" title=\"Nuomojamas 2 kambari\u0173 butas\"><p class=\"link\"><\/p><\/a>\n\t\t \n\n       <\/div>\n\t<div class=\"entry-summary\">\n\t\t\n\t\t\t <div class=\"post-title\">\n\t\t\t\t <a href=\"https:\/\/kaunas.eftenliving.lt\/en\/apartment\/nuomojamas-2-kambariu-butas-58\/\" title=\"Nuomojamas 2 kambari\u0173 butas\"><h3 class=\"page-title\">2-room apartment for rent  <\/h3><\/a>\n\t\t\t\t \n          <\/div><!-- .post-title -->\n\t\t\n\t\t<div class=\"apartment-details\">\n\t<span><i class=\"far fa-grip-vertical\"><\/i>3 floor<\/span>\n\t\t\t<span><i class=\"far fa-expand\"><\/i> <span class=\"area\">45<\/span> m2 <\/span>\n\t\t\t<span class=\"desktop-hide\"><i class=\"fas fa-chevron-circle-right\"><\/i> <span class=\"\">640<\/span> \u20ac \/ month<\/span>\n\t\t\t\n<\/div>\t\t\n\t\t\n\t\t<div class=\"apartment-price\">\n\t\t\t<span class=\"price-tag\"><span class=\"price-label\">Rental price: <\/span><span class=\"price-amount\"><span class=\"price\">640<\/span> \u20ac \/ month<\/span><\/span> \n\t\t\t\t<span class=\"price-tag\">14.22 \u20ac\/m2<\/span> \n\t\t<\/div>\n\t\t\n\t\t\t<div class=\"action\">\n<a class=\"button\" href=\"https:\/\/kaunas.eftenliving.lt\/en\/apartment\/nuomojamas-2-kambariu-butas-58\/\">View<\/a> <a class=\"button alt\"  href=\"https:\/\/kaunas.eftenliving.lt\/en\/rent-an-apartment\/?apartmentid=6779\" >Rent now<\/a>\n\t\t\t\t\n\n\t\t<\/div>\t\n\n\t\n\t\t\n\t\t\n\t<\/div><!-- .entry-summary -->\n\t\n\n\t\n\t<!-- .entry-header -->\n\n\n<\/div><!-- post-container -->\n<\/article ><!-- #post-## -->\n\t\t<\/div> <!-- end isotope-list -->\n\t<div class=\"fix\"><\/div>\t\n\t\n\t\n<p>&nbsp;<\/p>\n<p>&nbsp;<\/p>\n","protected":false},"excerpt":{"rendered":"<p>EfTEN Living naujas but\u0173 nuomai projektas &#8211; \u017dEIMENOS G. 82, KAUNAS&#13;<br \/>\n&#13;<br \/>\nGALIMYB\u0116 REGISTRUOTI GYVENAM\u0104J\u0104 VIET\u0104!&#13;<br \/>\nGALIMYB\u0116 GYVENTI SU GYV\u016aNAIS!&#13;<br \/>\nI\u0161maniomis technologijomis valdoma buto \u0161ildymo, v\u0117dinimo sistema, pra\u0117jimo kontrol\u0117. Butai \u012frengti dvejuose visi\u0161kai naujai pastatytuose daugiabu\u010diuose. Projektas yra ma\u017eaauk\u0161\u010di\u0173 nam\u0173 aplinkoje, patogioje miesto vietoje, toliau nuo intensyvaus eismo gatvi\u0173, garantuojan\u010di\u0173 ramyb\u0119 ir privatum\u0105.&#13;<br \/>\n&#13;<br \/>\nKOMENTARAI&#13;<br \/>\n&#8211; BUTAS \u017dAVINTIS MODERNIU DIZAINU;&#13;<br \/>\n&#8211; \u0160VIESIOS SPALVOS SUTEIKIA BUTUI JAUKUMO IR \u0160ILUMOS;&#13;<br \/>\n&#8211; PRO BUTO LANGUS ATSIVERIA NUOSTABI PANORAMA;&#13;<br \/>\n&#8211; BUTAS SU ERDVIA LOD\u017dIJA;&#13;<br \/>\n&#8211;  <a href=\"https:\/\/kaunas.eftenliving.lt\/en\/apartment\/nuomojamas-2-kambariu-butas-58\/\">&nbsp;&raquo;&nbsp;Read more<\/a><\/p>\n","protected":false},"author":1,"featured_media":1642,"parent":0,"menu_order":0,"comment_status":"closed","ping_status":"closed","template":"template-eften-clean.php","meta":{"footnotes":""},"class_list":["post-1938","page","type-page","status-publish","has-post-thumbnail","hentry"],"_links":{"self":[{"href":"https:\/\/kaunas.eftenliving.lt\/en\/wp-json\/wp\/v2\/pages\/1938","targetHints":{"allow":["GET"]}}],"collection":[{"href":"https:\/\/kaunas.eftenliving.lt\/en\/wp-json\/wp\/v2\/pages"}],"about":[{"href":"https:\/\/kaunas.eftenliving.lt\/en\/wp-json\/wp\/v2\/types\/page"}],"author":[{"embeddable":true,"href":"https:\/\/kaunas.eftenliving.lt\/en\/wp-json\/wp\/v2\/users\/1"}],"replies":[{"embeddable":true,"href":"https:\/\/kaunas.eftenliving.lt\/en\/wp-json\/wp\/v2\/comments?post=1938"}],"version-history":[{"count":5,"href":"https:\/\/kaunas.eftenliving.lt\/en\/wp-json\/wp\/v2\/pages\/1938\/revisions"}],"predecessor-version":[{"id":6983,"href":"https:\/\/kaunas.eftenliving.lt\/en\/wp-json\/wp\/v2\/pages\/1938\/revisions\/6983"}],"wp:featuredmedia":[{"embeddable":true,"href":"https:\/\/kaunas.eftenliving.lt\/en\/wp-json\/wp\/v2\/media\/1642"}],"wp:attachment":[{"href":"https:\/\/kaunas.eftenliving.lt\/en\/wp-json\/wp\/v2\/media?parent=1938"}],"curies":[{"name":"wp","href":"https:\/\/api.w.org\/{rel}","templated":true}]}}