{"id":1945,"date":"2021-06-03T12:38:35","date_gmt":"2021-06-03T10:38:35","guid":{"rendered":"https:\/\/eftenliving.ee\/asukoht\/"},"modified":"2024-02-01T12:26:58","modified_gmt":"2024-02-01T10:26:58","slug":"location","status":"publish","type":"page","link":"https:\/\/kaunas.eftenliving.lt\/en\/location\/","title":{"rendered":"Location"},"content":{"rendered":"\t\t\t\t\t\t\t\t\t\t\t\t\t\t\t\t\t\t\t \n\t<div id=\"\" class=\"twocol-table call-for-action2 element2 right hero call-for-action2\">\n\t\t<div class=\"twocol-one massive-image first\" data-background-image=\"https:\/\/kaunas.eftenliving.lt\/wp-content\/uploads\/2022\/06\/lt-parking.jpg\" style=\"background-image: url('https:\/\/kaunas.eftenliving.lt\/wp-content\/uploads\/2022\/06\/lt-parking.jpg')\" ><br\/>\n\t\t  <\/div>\t\t\t\t\t\t\t\t\t\t\t\t\t\t\t\t\t \t\t\t\t\t\t\t\t\t\t\t\t\t\t \t\n\t\t\t<div class=\"twocol-one massive-text last\">\n\t\t\t\n\t\t\t\t\t\t\t\t\t<h1> Well-located rental apartment<\/h1> \n\t\t\t\t\t\t\n\t\t\n\t\t\t\t\t\t\t\t\t<p>The residential quarter is located in a convenient part of the city, where residents will have the opportunity to enjoy the view of the city and the river, and those who want to blend into the life of the big city will comfortably and quickly reach the Old Town and other centers of attraction.<\/p>\n\t\t\t\t\t\t\t\t\t\t\t\t\t<a href=\"https:\/\/kaunas.eftenliving.lt\/en\/apartments\/\" class=\"action-button\">Check now<span>available apartments<\/span><\/a>\n\t\t\t\t\t\t\t\t\t\t\t\t\t<a href=\"#location\" class=\"action-button alt\">Read more<span>about the location<\/span><\/a>\n\t\t\t\t\t\t\t\t\n\t\t<\/div>\n\t<\/div>\n\n\t\n\t\t\t\t\t\t\t\t\t\t\t\t\t\t\t\t\t\t\t \n\t<div id=\"location\" class=\"twocol-table columns2 left call-for-action2\">\n\t\t<div class=\"twocol-one massive-image last\" data-background-image=\"https:\/\/kaunas.eftenliving.lt\/wp-content\/uploads\/2023\/03\/map_eftenliving2-2048x2048.jpg\" style=\"background-image: url('https:\/\/kaunas.eftenliving.lt\/wp-content\/uploads\/2023\/03\/map_eftenliving2-128x128.jpg')\" ><br\/>\n\t\t  <\/div>\t\t\t\t\t\t\t\t\t\t\t\t\t\t\t\t\t \t\t\t\t\t\t\t\t\t\t\t\t\t\t \t\n\t\t\t<div class=\"twocol-one massive-text \">\n\t\t\t\n\t\t\t\t\t\t\t\t\t<h2> Everything important is within walking distance<\/h2> \n\t\t\t\t\t\t\n\t\t\n\t\t\t\t\t\t\t\t\t<p><strong>Easily accessible public transport and the nearby A1 highway will help you quickly reach all parts of the city and go outside the city limits.<\/strong><\/p>\n<p>Right next to the apartments there is a supermarket, a school, a kindergarten, and a football field for those who love active recreation.<\/p>\n<ul>\n<li>Nursery-Kindergarten Spindulys ~800 m<\/li>\n<li>General Povilas Plechavi\u010dius Cadet Lyceum School ~200 m<\/li>\n<li>Kaunas Kazys Grinius Progymnasium ~1,9 km<\/li>\n<li>Primary School of the Lithuanian University of Health Sciences Gymnasium ~ 400 m<\/li>\n<li>Supermarket ~750 m<\/li>\n<li>Hospital of Lithuanian University of Health Sciences Kaunas Clinics ~500 m<\/li>\n<li>Kalnie\u010diai Park ~2 km<\/li>\n<li>Neris River ~500 m<\/li>\n<\/ul>\n\t\t\t\t\t\t\t\t\t\t\t\t\t<a href=\"https:\/\/www.google.com\/maps\/d\/viewer?mid=19RD-IMJKpr02o-ZFl_4FUIKoxRo1ds0&amp;ll=54.91853944367926%2C23.94253240928931&amp;z=14\" class=\"action-button\">View map<span>\u017deimenos str. 82, Kaunas<\/span><\/a>\n\t\t\t\t\t\t\t\t\t\t\t\t\n\t\t<\/div>\n\t<\/div>\n\n\t\n<h2 style=\"text-align: center;\">What\u2019s your apartment like?<\/h2>\n\t<div class=\"fix\"><\/div>\n\t\t<div class=\"masonry masonry-grid \">\n\n\t<div class=\"fix\"><\/div>\t\t\n\t\t<div class=\"gutter-sizer\"><\/div>\n\t\t<div class=\"grid-sizer\"><\/div>\n\n\t\t\t\n\n<article id=\"post-6622\" class=\"item panel 3-floor 1-rooms lower available-now post-6622 apartment type-apartment status-publish has-post-thumbnail hentry apartment-group-aktiivne-2\">\n<style>\n#post-6622 .post-header::after {\npadding-top:66%;\n  display: block;\n  content: '';\nmin-height: 100px;\t\n}\n\n#post-6622 .post-header {\nbackground-image: url(https:\/\/kaunas.eftenliving.lt\/wp-content\/uploads\/2023\/04\/mr-060-63f4d11f8bdfa-768x512.jpeg);\nbackground-position: center center;\n    -moz-background-size: cover;\n    -o-background-size: cover;\n    -webkit-background-size: cover;\n    background-size: cover;\n}\n<\/style>\t\n<div  class=\"post-container\">\n         <div class=\"post-header\"><a class=\"link-container\" href=\"https:\/\/kaunas.eftenliving.lt\/en\/apartment\/nuomojamas-2-kambariu-butas-14\/\" title=\"Nuomojamas 2 kambari\u0173 butas\"><p class=\"link\"><\/p><\/a>\n\t\t \n\n       <\/div>\n\t<div class=\"entry-summary\">\n\t\t\n\t\t\t <div class=\"post-title\">\n\t\t\t\t <a href=\"https:\/\/kaunas.eftenliving.lt\/en\/apartment\/nuomojamas-2-kambariu-butas-14\/\" title=\"Nuomojamas 2 kambari\u0173 butas\"><h3 class=\"page-title\">2-room apartment for rent  <\/h3><\/a>\n\t\t\t\t \n          <\/div><!-- .post-title -->\n\t\t\n\t\t<div class=\"apartment-details\">\n\t<span><i class=\"far fa-grip-vertical\"><\/i>3 floor<\/span>\n\t\t\t<span><i class=\"far fa-expand\"><\/i> <span class=\"area\">45<\/span> m2 <\/span>\n\t\t\t<span class=\"desktop-hide\"><i class=\"fas fa-chevron-circle-right\"><\/i> <span class=\"\">640<\/span> \u20ac \/ month<\/span>\n\t\t\t\n<\/div>\t\t\n\t\t\n\t\t<div class=\"apartment-price\">\n\t\t\t<span class=\"price-tag\"><span class=\"price-label\">Rental price: <\/span><span class=\"price-amount\"><span class=\"price\">640<\/span> \u20ac \/ month<\/span><\/span> \n\t\t\t\t<span class=\"price-tag\">14.22 \u20ac\/m2<\/span> \n\t\t<\/div>\n\t\t\n\t\t\t<div class=\"action\">\n<a class=\"button\" href=\"https:\/\/kaunas.eftenliving.lt\/en\/apartment\/nuomojamas-2-kambariu-butas-14\/\">View<\/a> <a class=\"button alt\"  href=\"https:\/\/kaunas.eftenliving.lt\/en\/rent-an-apartment\/?apartmentid=6622\" >Rent now<\/a>\n\t\t\t\t\n\n\t\t<\/div>\t\n\n\t\n\t\t\n\t\t\n\t<\/div><!-- .entry-summary -->\n\t\n\n\t\n\t<!-- .entry-header -->\n\n\n<\/div><!-- post-container -->\n<\/article ><!-- #post-## -->\n\n<article id=\"post-6632\" class=\"item panel 9-floor 2-rooms higher available-now post-6632 apartment type-apartment status-publish has-post-thumbnail hentry apartment-group-aktiivne-2\">\n<style>\n#post-6632 .post-header::after {\npadding-top:66%;\n  display: block;\n  content: '';\nmin-height: 100px;\t\n}\n\n#post-6632 .post-header {\nbackground-image: url(https:\/\/kaunas.eftenliving.lt\/wp-content\/uploads\/2023\/04\/mr-129-63f4ce13bb19f-768x512.jpeg);\nbackground-position: center center;\n    -moz-background-size: cover;\n    -o-background-size: cover;\n    -webkit-background-size: cover;\n    background-size: cover;\n}\n<\/style>\t\n<div  class=\"post-container\">\n         <div class=\"post-header\"><a class=\"link-container\" href=\"https:\/\/kaunas.eftenliving.lt\/en\/apartment\/nuomojamas-3-kambariu-butas-9\/\" title=\"Nuomojamas 3 kambari\u0173 butas\"><p class=\"link\"><\/p><\/a>\n\t\t \n\n       <\/div>\n\t<div class=\"entry-summary\">\n\t\t\n\t\t\t <div class=\"post-title\">\n\t\t\t\t <a href=\"https:\/\/kaunas.eftenliving.lt\/en\/apartment\/nuomojamas-3-kambariu-butas-9\/\" title=\"Nuomojamas 3 kambari\u0173 butas\"><h3 class=\"page-title\">3-room apartment for rent  <\/h3><\/a>\n\t\t\t\t \n          <\/div><!-- .post-title -->\n\t\t\n\t\t<div class=\"apartment-details\">\n\t<span><i class=\"far fa-grip-vertical\"><\/i>9 floor<\/span>\n\t\t\t<span><i class=\"far fa-expand\"><\/i> <span class=\"area\">68<\/span> m2 <\/span>\n\t\t\t<span class=\"desktop-hide\"><i class=\"fas fa-chevron-circle-right\"><\/i> <span class=\"\">770<\/span> \u20ac \/ month<\/span>\n\t\t\t\n<\/div>\t\t\n\t\t\n\t\t<div class=\"apartment-price\">\n\t\t\t<span class=\"price-tag\"><span class=\"price-label\">Rental price: <\/span><span class=\"price-amount\"><span class=\"price\">770<\/span> \u20ac \/ month<\/span><\/span> \n\t\t\t\t<span class=\"price-tag\">11.32 \u20ac\/m2<\/span> \n\t\t<\/div>\n\t\t\n\t\t\t<div class=\"action\">\n<a class=\"button\" href=\"https:\/\/kaunas.eftenliving.lt\/en\/apartment\/nuomojamas-3-kambariu-butas-9\/\">View<\/a> <a class=\"button alt\"  href=\"https:\/\/kaunas.eftenliving.lt\/en\/rent-an-apartment\/?apartmentid=6632\" >Rent now<\/a>\n\t\t\t\t\n\n\t\t<\/div>\t\n\n\t\n\t\t\n\t\t\n\t<\/div><!-- .entry-summary -->\n\t\n\n\t\n\t<!-- .entry-header -->\n\n\n<\/div><!-- post-container -->\n<\/article ><!-- #post-## -->\n\n<article id=\"post-6765\" class=\"item panel 5-floor 1-rooms middle available-now post-6765 apartment type-apartment status-publish has-post-thumbnail hentry apartment-group-aktiivne-2\">\n<style>\n#post-6765 .post-header::after {\npadding-top:66%;\n  display: block;\n  content: '';\nmin-height: 100px;\t\n}\n\n#post-6765 .post-header {\nbackground-image: url(https:\/\/kaunas.eftenliving.lt\/wp-content\/uploads\/2023\/04\/mr-075-642c02d9a4b3a-768x512.jpeg);\nbackground-position: center center;\n    -moz-background-size: cover;\n    -o-background-size: cover;\n    -webkit-background-size: cover;\n    background-size: cover;\n}\n<\/style>\t\n<div  class=\"post-container\">\n         <div class=\"post-header\"><a class=\"link-container\" href=\"https:\/\/kaunas.eftenliving.lt\/en\/apartment\/nuomojamas-2-kambariu-butas-52\/\" title=\"Nuomojamas 2 kambari\u0173 butas\"><p class=\"link\"><\/p><\/a>\n\t\t \n\n       <\/div>\n\t<div class=\"entry-summary\">\n\t\t\n\t\t\t <div class=\"post-title\">\n\t\t\t\t <a href=\"https:\/\/kaunas.eftenliving.lt\/en\/apartment\/nuomojamas-2-kambariu-butas-52\/\" title=\"Nuomojamas 2 kambari\u0173 butas\"><h3 class=\"page-title\">2-room apartment for rent  <\/h3><\/a>\n\t\t\t\t \n          <\/div><!-- .post-title -->\n\t\t\n\t\t<div class=\"apartment-details\">\n\t<span><i class=\"far fa-grip-vertical\"><\/i>5 floor<\/span>\n\t\t\t<span><i class=\"far fa-expand\"><\/i> <span class=\"area\">43<\/span> m2 <\/span>\n\t\t\t<span class=\"desktop-hide\"><i class=\"fas fa-chevron-circle-right\"><\/i> <span class=\"\">640<\/span> \u20ac \/ month<\/span>\n\t\t\t\n<\/div>\t\t\n\t\t\n\t\t<div class=\"apartment-price\">\n\t\t\t<span class=\"price-tag\"><span class=\"price-label\">Rental price: <\/span><span class=\"price-amount\"><span class=\"price\">640<\/span> \u20ac \/ month<\/span><\/span> \n\t\t\t\t<span class=\"price-tag\">14.88 \u20ac\/m2<\/span> \n\t\t<\/div>\n\t\t\n\t\t\t<div class=\"action\">\n<a class=\"button\" href=\"https:\/\/kaunas.eftenliving.lt\/en\/apartment\/nuomojamas-2-kambariu-butas-52\/\">View<\/a> <a class=\"button alt\"  href=\"https:\/\/kaunas.eftenliving.lt\/en\/rent-an-apartment\/?apartmentid=6765\" >Rent now<\/a>\n\t\t\t\t\n\n\t\t<\/div>\t\n\n\t\n\t\t\n\t\t\n\t<\/div><!-- .entry-summary -->\n\t\n\n\t\n\t<!-- .entry-header -->\n\n\n<\/div><!-- post-container -->\n<\/article ><!-- #post-## -->\n\n<article id=\"post-6779\" class=\"item panel 3-floor 1-rooms lower available-now post-6779 apartment type-apartment status-publish has-post-thumbnail hentry apartment-group-aktiivne-2\">\n<style>\n#post-6779 .post-header::after {\npadding-top:66%;\n  display: block;\n  content: '';\nmin-height: 100px;\t\n}\n\n#post-6779 .post-header {\nbackground-image: url(https:\/\/kaunas.eftenliving.lt\/wp-content\/uploads\/2023\/04\/mr-060-63f4d11f8bdfa-768x512.jpeg);\nbackground-position: center center;\n    -moz-background-size: cover;\n    -o-background-size: cover;\n    -webkit-background-size: cover;\n    background-size: cover;\n}\n<\/style>\t\n<div  class=\"post-container\">\n         <div class=\"post-header\"><a class=\"link-container\" href=\"https:\/\/kaunas.eftenliving.lt\/en\/apartment\/nuomojamas-2-kambariu-butas-58\/\" title=\"Nuomojamas 2 kambari\u0173 butas\"><p class=\"link\"><\/p><\/a>\n\t\t \n\n       <\/div>\n\t<div class=\"entry-summary\">\n\t\t\n\t\t\t <div class=\"post-title\">\n\t\t\t\t <a href=\"https:\/\/kaunas.eftenliving.lt\/en\/apartment\/nuomojamas-2-kambariu-butas-58\/\" title=\"Nuomojamas 2 kambari\u0173 butas\"><h3 class=\"page-title\">2-room apartment for rent  <\/h3><\/a>\n\t\t\t\t \n          <\/div><!-- .post-title -->\n\t\t\n\t\t<div class=\"apartment-details\">\n\t<span><i class=\"far fa-grip-vertical\"><\/i>3 floor<\/span>\n\t\t\t<span><i class=\"far fa-expand\"><\/i> <span class=\"area\">45<\/span> m2 <\/span>\n\t\t\t<span class=\"desktop-hide\"><i class=\"fas fa-chevron-circle-right\"><\/i> <span class=\"\">640<\/span> \u20ac \/ month<\/span>\n\t\t\t\n<\/div>\t\t\n\t\t\n\t\t<div class=\"apartment-price\">\n\t\t\t<span class=\"price-tag\"><span class=\"price-label\">Rental price: <\/span><span class=\"price-amount\"><span class=\"price\">640<\/span> \u20ac \/ month<\/span><\/span> \n\t\t\t\t<span class=\"price-tag\">14.22 \u20ac\/m2<\/span> \n\t\t<\/div>\n\t\t\n\t\t\t<div class=\"action\">\n<a class=\"button\" href=\"https:\/\/kaunas.eftenliving.lt\/en\/apartment\/nuomojamas-2-kambariu-butas-58\/\">View<\/a> <a class=\"button alt\"  href=\"https:\/\/kaunas.eftenliving.lt\/en\/rent-an-apartment\/?apartmentid=6779\" >Rent now<\/a>\n\t\t\t\t\n\n\t\t<\/div>\t\n\n\t\n\t\t\n\t\t\n\t<\/div><!-- .entry-summary -->\n\t\n\n\t\n\t<!-- .entry-header -->\n\n\n<\/div><!-- post-container -->\n<\/article ><!-- #post-## -->\n\t\t<\/div> <!-- end isotope-list -->\n\t<div class=\"fix\"><\/div>\t\n\t\n\t\n<p>&nbsp;<\/p>\n<p>&nbsp;<\/p>\n","protected":false},"excerpt":{"rendered":"<p>EfTEN Living naujas but\u0173 nuomai projektas &#8211; \u017dEIMENOS G. 82, KAUNAS&#13;<br \/>\n&#13;<br \/>\nGALIMYB\u0116 REGISTRUOTI GYVENAM\u0104J\u0104 VIET\u0104!&#13;<br \/>\nGALIMYB\u0116 GYVENTI SU GYV\u016aNAIS!&#13;<br \/>\nI\u0161maniomis technologijomis valdoma buto \u0161ildymo, v\u0117dinimo sistema, pra\u0117jimo kontrol\u0117. Butai \u012frengti dvejuose visi\u0161kai naujai pastatytuose daugiabu\u010diuose. Projektas yra ma\u017eaauk\u0161\u010di\u0173 nam\u0173 aplinkoje, patogioje miesto vietoje, toliau nuo intensyvaus eismo gatvi\u0173, garantuojan\u010di\u0173 ramyb\u0119 ir privatum\u0105.&#13;<br \/>\n&#13;<br \/>\nKOMENTARAI&#13;<br \/>\n&#8211; BUTAS \u017dAVINTIS MODERNIU DIZAINU;&#13;<br \/>\n&#8211; \u0160VIESIOS SPALVOS SUTEIKIA BUTUI JAUKUMO IR \u0160ILUMOS;&#13;<br \/>\n&#8211; PRO BUTO LANGUS ATSIVERIA NUOSTABI PANORAMA;&#13;<br \/>\n&#8211; BUTAS SU ERDVIA LOD\u017dIJA;&#13;<br \/>\n&#8211;  <a href=\"https:\/\/kaunas.eftenliving.lt\/en\/apartment\/nuomojamas-2-kambariu-butas-58\/\">&nbsp;&raquo;&nbsp;Read more<\/a><\/p>\n","protected":false},"author":1,"featured_media":1640,"parent":0,"menu_order":0,"comment_status":"closed","ping_status":"closed","template":"template-eften-clean.php","meta":{"footnotes":""},"class_list":["post-1945","page","type-page","status-publish","has-post-thumbnail","hentry"],"_links":{"self":[{"href":"https:\/\/kaunas.eftenliving.lt\/en\/wp-json\/wp\/v2\/pages\/1945","targetHints":{"allow":["GET"]}}],"collection":[{"href":"https:\/\/kaunas.eftenliving.lt\/en\/wp-json\/wp\/v2\/pages"}],"about":[{"href":"https:\/\/kaunas.eftenliving.lt\/en\/wp-json\/wp\/v2\/types\/page"}],"author":[{"embeddable":true,"href":"https:\/\/kaunas.eftenliving.lt\/en\/wp-json\/wp\/v2\/users\/1"}],"replies":[{"embeddable":true,"href":"https:\/\/kaunas.eftenliving.lt\/en\/wp-json\/wp\/v2\/comments?post=1945"}],"version-history":[{"count":18,"href":"https:\/\/kaunas.eftenliving.lt\/en\/wp-json\/wp\/v2\/pages\/1945\/revisions"}],"predecessor-version":[{"id":6953,"href":"https:\/\/kaunas.eftenliving.lt\/en\/wp-json\/wp\/v2\/pages\/1945\/revisions\/6953"}],"wp:featuredmedia":[{"embeddable":true,"href":"https:\/\/kaunas.eftenliving.lt\/en\/wp-json\/wp\/v2\/media\/1640"}],"wp:attachment":[{"href":"https:\/\/kaunas.eftenliving.lt\/en\/wp-json\/wp\/v2\/media?parent=1945"}],"curies":[{"name":"wp","href":"https:\/\/api.w.org\/{rel}","templated":true}]}}