{"id":1966,"date":"2021-06-28T17:42:12","date_gmt":"2021-06-28T14:42:12","guid":{"rendered":"https:\/\/eftenliving.ee\/korterid\/"},"modified":"2022-12-16T13:08:18","modified_gmt":"2022-12-16T11:08:18","slug":"apartments","status":"publish","type":"page","link":"https:\/\/kaunas.eftenliving.lt\/en\/apartments\/","title":{"rendered":"Apartments"},"content":{"rendered":"\t<div class=\"fix\"><\/div>\n\t\t<div class=\"masonry masonry-grid \">\n\n\t<div class=\"fix\"><\/div>\t\t\n\t\t<div class=\"gutter-sizer\"><\/div>\n\t\t<div class=\"grid-sizer\"><\/div>\n\n\t\t\t\n\n<article id=\"post-6622\" class=\"item panel 3-floor 1-rooms lower available-now post-6622 apartment type-apartment status-publish has-post-thumbnail hentry apartment-group-aktiivne-2\">\n<style>\n#post-6622 .post-header::after {\npadding-top:66%;\n  display: block;\n  content: '';\nmin-height: 100px;\t\n}\n\n#post-6622 .post-header {\nbackground-image: url(https:\/\/kaunas.eftenliving.lt\/wp-content\/uploads\/2023\/04\/mr-060-63f4d11f8bdfa-768x512.jpeg);\nbackground-position: center center;\n    -moz-background-size: cover;\n    -o-background-size: cover;\n    -webkit-background-size: cover;\n    background-size: cover;\n}\n<\/style>\t\n<div  class=\"post-container\">\n         <div class=\"post-header\"><a class=\"link-container\" href=\"https:\/\/kaunas.eftenliving.lt\/en\/apartment\/nuomojamas-2-kambariu-butas-14\/\" title=\"Nuomojamas 2 kambari\u0173 butas\"><p class=\"link\"><\/p><\/a>\n\t\t \n\n       <\/div>\n\t<div class=\"entry-summary\">\n\t\t\n\t\t\t <div class=\"post-title\">\n\t\t\t\t <a href=\"https:\/\/kaunas.eftenliving.lt\/en\/apartment\/nuomojamas-2-kambariu-butas-14\/\" title=\"Nuomojamas 2 kambari\u0173 butas\"><h3 class=\"page-title\">2-room apartment for rent  <\/h3><\/a>\n\t\t\t\t \n          <\/div><!-- .post-title -->\n\t\t\n\t\t<div class=\"apartment-details\">\n\t<span><i class=\"far fa-grip-vertical\"><\/i>3 floor<\/span>\n\t\t\t<span><i class=\"far fa-expand\"><\/i> <span class=\"area\">45<\/span> m2 <\/span>\n\t\t\t<span class=\"desktop-hide\"><i class=\"fas fa-chevron-circle-right\"><\/i> <span class=\"\">640<\/span> \u20ac \/ month<\/span>\n\t\t\t\n<\/div>\t\t\n\t\t\n\t\t<div class=\"apartment-price\">\n\t\t\t<span class=\"price-tag\"><span class=\"price-label\">Rental price: <\/span><span class=\"price-amount\"><span class=\"price\">640<\/span> \u20ac \/ month<\/span><\/span> \n\t\t\t\t<span class=\"price-tag\">14.22 \u20ac\/m2<\/span> \n\t\t<\/div>\n\t\t\n\t\t\t<div class=\"action\">\n<a class=\"button\" href=\"https:\/\/kaunas.eftenliving.lt\/en\/apartment\/nuomojamas-2-kambariu-butas-14\/\">View<\/a> <a class=\"button alt\"  href=\"https:\/\/kaunas.eftenliving.lt\/en\/rent-an-apartment\/?apartmentid=6622\" >Rent now<\/a>\n\t\t\t\t\n\n\t\t<\/div>\t\n\n\t\n\t\t\n\t\t\n\t<\/div><!-- .entry-summary -->\n\t\n\n\t\n\t<!-- .entry-header -->\n\n\n<\/div><!-- post-container -->\n<\/article ><!-- #post-## -->\n\n<article id=\"post-6632\" class=\"item panel 9-floor 2-rooms higher available-now post-6632 apartment type-apartment status-publish has-post-thumbnail hentry apartment-group-aktiivne-2\">\n<style>\n#post-6632 .post-header::after {\npadding-top:66%;\n  display: block;\n  content: '';\nmin-height: 100px;\t\n}\n\n#post-6632 .post-header {\nbackground-image: url(https:\/\/kaunas.eftenliving.lt\/wp-content\/uploads\/2023\/04\/mr-129-63f4ce13bb19f-768x512.jpeg);\nbackground-position: center center;\n    -moz-background-size: cover;\n    -o-background-size: cover;\n    -webkit-background-size: cover;\n    background-size: cover;\n}\n<\/style>\t\n<div  class=\"post-container\">\n         <div class=\"post-header\"><a class=\"link-container\" href=\"https:\/\/kaunas.eftenliving.lt\/en\/apartment\/nuomojamas-3-kambariu-butas-9\/\" title=\"Nuomojamas 3 kambari\u0173 butas\"><p class=\"link\"><\/p><\/a>\n\t\t \n\n       <\/div>\n\t<div class=\"entry-summary\">\n\t\t\n\t\t\t <div class=\"post-title\">\n\t\t\t\t <a href=\"https:\/\/kaunas.eftenliving.lt\/en\/apartment\/nuomojamas-3-kambariu-butas-9\/\" title=\"Nuomojamas 3 kambari\u0173 butas\"><h3 class=\"page-title\">3-room apartment for rent  <\/h3><\/a>\n\t\t\t\t \n          <\/div><!-- .post-title -->\n\t\t\n\t\t<div class=\"apartment-details\">\n\t<span><i class=\"far fa-grip-vertical\"><\/i>9 floor<\/span>\n\t\t\t<span><i class=\"far fa-expand\"><\/i> <span class=\"area\">68<\/span> m2 <\/span>\n\t\t\t<span class=\"desktop-hide\"><i class=\"fas fa-chevron-circle-right\"><\/i> <span class=\"\">770<\/span> \u20ac \/ month<\/span>\n\t\t\t\n<\/div>\t\t\n\t\t\n\t\t<div class=\"apartment-price\">\n\t\t\t<span class=\"price-tag\"><span class=\"price-label\">Rental price: <\/span><span class=\"price-amount\"><span class=\"price\">770<\/span> \u20ac \/ month<\/span><\/span> \n\t\t\t\t<span class=\"price-tag\">11.32 \u20ac\/m2<\/span> \n\t\t<\/div>\n\t\t\n\t\t\t<div class=\"action\">\n<a class=\"button\" href=\"https:\/\/kaunas.eftenliving.lt\/en\/apartment\/nuomojamas-3-kambariu-butas-9\/\">View<\/a> <a class=\"button alt\"  href=\"https:\/\/kaunas.eftenliving.lt\/en\/rent-an-apartment\/?apartmentid=6632\" >Rent now<\/a>\n\t\t\t\t\n\n\t\t<\/div>\t\n\n\t\n\t\t\n\t\t\n\t<\/div><!-- .entry-summary -->\n\t\n\n\t\n\t<!-- .entry-header -->\n\n\n<\/div><!-- post-container -->\n<\/article ><!-- #post-## -->\n\n<article id=\"post-6765\" class=\"item panel 5-floor 1-rooms middle available-now post-6765 apartment type-apartment status-publish has-post-thumbnail hentry apartment-group-aktiivne-2\">\n<style>\n#post-6765 .post-header::after {\npadding-top:66%;\n  display: block;\n  content: '';\nmin-height: 100px;\t\n}\n\n#post-6765 .post-header {\nbackground-image: url(https:\/\/kaunas.eftenliving.lt\/wp-content\/uploads\/2023\/04\/mr-075-642c02d9a4b3a-768x512.jpeg);\nbackground-position: center center;\n    -moz-background-size: cover;\n    -o-background-size: cover;\n    -webkit-background-size: cover;\n    background-size: cover;\n}\n<\/style>\t\n<div  class=\"post-container\">\n         <div class=\"post-header\"><a class=\"link-container\" href=\"https:\/\/kaunas.eftenliving.lt\/en\/apartment\/nuomojamas-2-kambariu-butas-52\/\" title=\"Nuomojamas 2 kambari\u0173 butas\"><p class=\"link\"><\/p><\/a>\n\t\t \n\n       <\/div>\n\t<div class=\"entry-summary\">\n\t\t\n\t\t\t <div class=\"post-title\">\n\t\t\t\t <a href=\"https:\/\/kaunas.eftenliving.lt\/en\/apartment\/nuomojamas-2-kambariu-butas-52\/\" title=\"Nuomojamas 2 kambari\u0173 butas\"><h3 class=\"page-title\">2-room apartment for rent  <\/h3><\/a>\n\t\t\t\t \n          <\/div><!-- .post-title -->\n\t\t\n\t\t<div class=\"apartment-details\">\n\t<span><i class=\"far fa-grip-vertical\"><\/i>5 floor<\/span>\n\t\t\t<span><i class=\"far fa-expand\"><\/i> <span class=\"area\">43<\/span> m2 <\/span>\n\t\t\t<span class=\"desktop-hide\"><i class=\"fas fa-chevron-circle-right\"><\/i> <span class=\"\">640<\/span> \u20ac \/ month<\/span>\n\t\t\t\n<\/div>\t\t\n\t\t\n\t\t<div class=\"apartment-price\">\n\t\t\t<span class=\"price-tag\"><span class=\"price-label\">Rental price: <\/span><span class=\"price-amount\"><span class=\"price\">640<\/span> \u20ac \/ month<\/span><\/span> \n\t\t\t\t<span class=\"price-tag\">14.88 \u20ac\/m2<\/span> \n\t\t<\/div>\n\t\t\n\t\t\t<div class=\"action\">\n<a class=\"button\" href=\"https:\/\/kaunas.eftenliving.lt\/en\/apartment\/nuomojamas-2-kambariu-butas-52\/\">View<\/a> <a class=\"button alt\"  href=\"https:\/\/kaunas.eftenliving.lt\/en\/rent-an-apartment\/?apartmentid=6765\" >Rent now<\/a>\n\t\t\t\t\n\n\t\t<\/div>\t\n\n\t\n\t\t\n\t\t\n\t<\/div><!-- .entry-summary -->\n\t\n\n\t\n\t<!-- .entry-header -->\n\n\n<\/div><!-- post-container -->\n<\/article ><!-- #post-## -->\n\n<article id=\"post-6779\" class=\"item panel 3-floor 1-rooms lower available-now post-6779 apartment type-apartment status-publish has-post-thumbnail hentry apartment-group-aktiivne-2\">\n<style>\n#post-6779 .post-header::after {\npadding-top:66%;\n  display: block;\n  content: '';\nmin-height: 100px;\t\n}\n\n#post-6779 .post-header {\nbackground-image: url(https:\/\/kaunas.eftenliving.lt\/wp-content\/uploads\/2023\/04\/mr-060-63f4d11f8bdfa-768x512.jpeg);\nbackground-position: center center;\n    -moz-background-size: cover;\n    -o-background-size: cover;\n    -webkit-background-size: cover;\n    background-size: cover;\n}\n<\/style>\t\n<div  class=\"post-container\">\n         <div class=\"post-header\"><a class=\"link-container\" href=\"https:\/\/kaunas.eftenliving.lt\/en\/apartment\/nuomojamas-2-kambariu-butas-58\/\" title=\"Nuomojamas 2 kambari\u0173 butas\"><p class=\"link\"><\/p><\/a>\n\t\t \n\n       <\/div>\n\t<div class=\"entry-summary\">\n\t\t\n\t\t\t <div class=\"post-title\">\n\t\t\t\t <a href=\"https:\/\/kaunas.eftenliving.lt\/en\/apartment\/nuomojamas-2-kambariu-butas-58\/\" title=\"Nuomojamas 2 kambari\u0173 butas\"><h3 class=\"page-title\">2-room apartment for rent  <\/h3><\/a>\n\t\t\t\t \n          <\/div><!-- .post-title -->\n\t\t\n\t\t<div class=\"apartment-details\">\n\t<span><i class=\"far fa-grip-vertical\"><\/i>3 floor<\/span>\n\t\t\t<span><i class=\"far fa-expand\"><\/i> <span class=\"area\">45<\/span> m2 <\/span>\n\t\t\t<span class=\"desktop-hide\"><i class=\"fas fa-chevron-circle-right\"><\/i> <span class=\"\">640<\/span> \u20ac \/ month<\/span>\n\t\t\t\n<\/div>\t\t\n\t\t\n\t\t<div class=\"apartment-price\">\n\t\t\t<span class=\"price-tag\"><span class=\"price-label\">Rental price: <\/span><span class=\"price-amount\"><span class=\"price\">640<\/span> \u20ac \/ month<\/span><\/span> \n\t\t\t\t<span class=\"price-tag\">14.22 \u20ac\/m2<\/span> \n\t\t<\/div>\n\t\t\n\t\t\t<div class=\"action\">\n<a class=\"button\" href=\"https:\/\/kaunas.eftenliving.lt\/en\/apartment\/nuomojamas-2-kambariu-butas-58\/\">View<\/a> <a class=\"button alt\"  href=\"https:\/\/kaunas.eftenliving.lt\/en\/rent-an-apartment\/?apartmentid=6779\" >Rent now<\/a>\n\t\t\t\t\n\n\t\t<\/div>\t\n\n\t\n\t\t\n\t\t\n\t<\/div><!-- .entry-summary -->\n\t\n\n\t\n\t<!-- .entry-header -->\n\n\n<\/div><!-- post-container -->\n<\/article ><!-- #post-## -->\n\t\t<\/div> <!-- end isotope-list -->\n\t<div class=\"fix\"><\/div>\t\n\t\n\t\n<hr style=\"height:25px\">\n","protected":false},"excerpt":{"rendered":"<p>EfTEN Living naujas but\u0173 nuomai projektas &#8211; \u017dEIMENOS G. 82, KAUNAS&#13;<br \/>\n&#13;<br \/>\nGALIMYB\u0116 REGISTRUOTI GYVENAM\u0104J\u0104 VIET\u0104!&#13;<br \/>\nGALIMYB\u0116 GYVENTI SU GYV\u016aNAIS!&#13;<br \/>\nI\u0161maniomis technologijomis valdoma buto \u0161ildymo, v\u0117dinimo sistema, pra\u0117jimo kontrol\u0117. Butai \u012frengti dvejuose visi\u0161kai naujai pastatytuose daugiabu\u010diuose. Projektas yra ma\u017eaauk\u0161\u010di\u0173 nam\u0173 aplinkoje, patogioje miesto vietoje, toliau nuo intensyvaus eismo gatvi\u0173, garantuojan\u010di\u0173 ramyb\u0119 ir privatum\u0105.&#13;<br \/>\n&#13;<br \/>\nKOMENTARAI&#13;<br \/>\n&#8211; BUTAS \u017dAVINTIS MODERNIU DIZAINU;&#13;<br \/>\n&#8211; \u0160VIESIOS SPALVOS SUTEIKIA BUTUI JAUKUMO IR \u0160ILUMOS;&#13;<br \/>\n&#8211; PRO BUTO LANGUS ATSIVERIA NUOSTABI PANORAMA;&#13;<br \/>\n&#8211; BUTAS SU ERDVIA LOD\u017dIJA;&#13;<br \/>\n&#8211;  <a href=\"https:\/\/kaunas.eftenliving.lt\/en\/apartment\/nuomojamas-2-kambariu-butas-58\/\">&nbsp;&raquo;&nbsp;Read more<\/a><\/p>\n","protected":false},"author":1,"featured_media":0,"parent":0,"menu_order":0,"comment_status":"closed","ping_status":"closed","template":"template-apartments.php","meta":{"footnotes":""},"class_list":["post-1966","page","type-page","status-publish","hentry"],"_links":{"self":[{"href":"https:\/\/kaunas.eftenliving.lt\/en\/wp-json\/wp\/v2\/pages\/1966","targetHints":{"allow":["GET"]}}],"collection":[{"href":"https:\/\/kaunas.eftenliving.lt\/en\/wp-json\/wp\/v2\/pages"}],"about":[{"href":"https:\/\/kaunas.eftenliving.lt\/en\/wp-json\/wp\/v2\/types\/page"}],"author":[{"embeddable":true,"href":"https:\/\/kaunas.eftenliving.lt\/en\/wp-json\/wp\/v2\/users\/1"}],"replies":[{"embeddable":true,"href":"https:\/\/kaunas.eftenliving.lt\/en\/wp-json\/wp\/v2\/comments?post=1966"}],"version-history":[{"count":4,"href":"https:\/\/kaunas.eftenliving.lt\/en\/wp-json\/wp\/v2\/pages\/1966\/revisions"}],"predecessor-version":[{"id":4986,"href":"https:\/\/kaunas.eftenliving.lt\/en\/wp-json\/wp\/v2\/pages\/1966\/revisions\/4986"}],"wp:attachment":[{"href":"https:\/\/kaunas.eftenliving.lt\/en\/wp-json\/wp\/v2\/media?parent=1966"}],"curies":[{"name":"wp","href":"https:\/\/api.w.org\/{rel}","templated":true}]}}